{"id":113,"date":"2017-07-03T16:21:15","date_gmt":"2017-07-03T14:21:15","guid":{"rendered":"http:\/\/reflexologie-shiatsu-nantes.fr\/?page_id=113"},"modified":"2017-07-03T16:21:15","modified_gmt":"2017-07-03T14:21:15","slug":"soins-tarifs","status":"publish","type":"page","link":"https:\/\/sevin.ovh\/index.php\/soins-tarifs\/","title":{"rendered":"Tarifs"},"content":{"rendered":"\t\t<div data-elementor-type=\"wp-page\" data-elementor-id=\"113\" class=\"elementor elementor-113\">\n\t\t\t\t\t\t\t\t\t<section class=\"elementor-section elementor-top-section elementor-element elementor-element-rlzqzly elementor-section-boxed elementor-section-height-default elementor-section-height-default qodef-elementor-content-no\" data-id=\"rlzqzly\" data-element_type=\"section\">\n\t\t\t\t\t\t<div class=\"elementor-container elementor-column-gap-default\">\n\t\t\t\t\t<div class=\"elementor-column elementor-col-100 elementor-top-column elementor-element elementor-element-nqouscx\" data-id=\"nqouscx\" data-element_type=\"column\">\n\t\t\t<div class=\"elementor-widget-wrap elementor-element-populated\">\n\t\t\t\t\t\t\t\t<div class=\"elementor-element elementor-element-4px3lg8 elementor-widget elementor-widget-heading\" data-id=\"4px3lg8\" data-element_type=\"widget\" data-widget_type=\"heading.default\">\n\t\t\t\t<div class=\"elementor-widget-container\">\n\t\t\t<style>\/*! elementor - v3.18.0 - 20-12-2023 *\/\n.elementor-heading-title{padding:0;margin:0;line-height:1}.elementor-widget-heading .elementor-heading-title[class*=elementor-size-]>a{color:inherit;font-size:inherit;line-height:inherit}.elementor-widget-heading .elementor-heading-title.elementor-size-small{font-size:15px}.elementor-widget-heading .elementor-heading-title.elementor-size-medium{font-size:19px}.elementor-widget-heading .elementor-heading-title.elementor-size-large{font-size:29px}.elementor-widget-heading .elementor-heading-title.elementor-size-xl{font-size:39px}.elementor-widget-heading .elementor-heading-title.elementor-size-xxl{font-size:59px}<\/style><h3 class=\"elementor-heading-title elementor-size-default\">Les diff\u00e9rents soins et tarifs en vigueur au 08\/09\/2021<\/h3>\t\t<\/div>\n\t\t\t\t<\/div>\n\t\t\t\t<section class=\"elementor-section elementor-inner-section elementor-element elementor-element-cuk752s elementor-section-boxed elementor-section-height-default elementor-section-height-default qodef-elementor-content-no\" data-id=\"cuk752s\" data-element_type=\"section\">\n\t\t\t\t\t\t<div class=\"elementor-container elementor-column-gap-default\">\n\t\t\t\t\t<div class=\"elementor-column elementor-col-50 elementor-inner-column elementor-element elementor-element-2s926z9\" data-id=\"2s926z9\" data-element_type=\"column\">\n\t\t\t<div class=\"elementor-widget-wrap elementor-element-populated\">\n\t\t\t\t\t\t\t\t<div class=\"elementor-element elementor-element-dtvhidk elementor-widget elementor-widget-text-editor\" data-id=\"dtvhidk\" data-element_type=\"widget\" data-widget_type=\"text-editor.default\">\n\t\t\t\t<div class=\"elementor-widget-container\">\n\t\t\t<style>\/*! elementor - v3.18.0 - 20-12-2023 *\/\n.elementor-widget-text-editor.elementor-drop-cap-view-stacked .elementor-drop-cap{background-color:#69727d;color:#fff}.elementor-widget-text-editor.elementor-drop-cap-view-framed .elementor-drop-cap{color:#69727d;border:3px solid;background-color:transparent}.elementor-widget-text-editor:not(.elementor-drop-cap-view-default) .elementor-drop-cap{margin-top:8px}.elementor-widget-text-editor:not(.elementor-drop-cap-view-default) .elementor-drop-cap-letter{width:1em;height:1em}.elementor-widget-text-editor .elementor-drop-cap{float:left;text-align:center;line-height:1;font-size:50px}.elementor-widget-text-editor .elementor-drop-cap-letter{display:inline-block}<\/style>\t\t\t\t<strong>Soins de R\u00e9flexologie,\u00a0<\/strong><span style=\"font-weight: 600;\">Shiatsu<BR> ou\u00a0<\/span><strong>Shiatsu assis (Amma) :<\/strong><BR><BR>\n\nUne heure : 60 \u20ac<BR><BR>\n\n30 minutes : 40 \u20ac\t\t\t\t\t\t<\/div>\n\t\t\t\t<\/div>\n\t\t\t\t\t<\/div>\n\t\t<\/div>\n\t\t\t\t<div class=\"elementor-column elementor-col-50 elementor-inner-column elementor-element elementor-element-e4af2cc\" data-id=\"e4af2cc\" data-element_type=\"column\">\n\t\t\t<div class=\"elementor-widget-wrap elementor-element-populated\">\n\t\t\t\t\t\t\t\t<div class=\"elementor-element elementor-element-ebee154 elementor-widget elementor-widget-text-editor\" data-id=\"ebee154\" data-element_type=\"widget\" data-widget_type=\"text-editor.default\">\n\t\t\t\t<div class=\"elementor-widget-container\">\n\t\t\t\t\t\t\t<p style=\"text-align: center;\"><strong>Soins de Kobido :<\/strong><\/p><p style=\"text-align: center;\">1 soin\u00a0 \u00a0:\u00a0 \u00a0 80\u20ac<\/p><p style=\"text-align: center;\">3 soins\u00a0 \u00a0:\u00a0 \u00a0 230\u20ac<\/p><p style=\"text-align: center;\">5 soins\u00a0 \u00a0 :\u00a0 \u00a0 380\u20ac<\/p><p style=\"text-align: center;\">10 soins\u00a0 \u00a0:\u00a0 \u00a0 720\u20ac<\/p>\t\t\t\t\t\t<\/div>\n\t\t\t\t<\/div>\n\t\t\t\t\t<\/div>\n\t\t<\/div>\n\t\t\t\t\t\t\t<\/div>\n\t\t<\/section>\n\t\t\t\t<section class=\"elementor-section elementor-inner-section elementor-element elementor-element-bklvexa elementor-section-boxed elementor-section-height-default elementor-section-height-default qodef-elementor-content-no\" data-id=\"bklvexa\" data-element_type=\"section\">\n\t\t\t\t\t\t<div class=\"elementor-container elementor-column-gap-default\">\n\t\t\t\t\t<div class=\"elementor-column elementor-col-50 elementor-inner-column elementor-element elementor-element-azirwkc\" data-id=\"azirwkc\" data-element_type=\"column\">\n\t\t\t<div class=\"elementor-widget-wrap elementor-element-populated\">\n\t\t\t\t\t\t\t\t<div class=\"elementor-element elementor-element-e5ojfeh elementor-widget elementor-widget-text-editor\" data-id=\"e5ojfeh\" data-element_type=\"widget\" data-widget_type=\"text-editor.default\">\n\t\t\t\t<div class=\"elementor-widget-container\">\n\t\t\t\t\t\t\t<p><strong>Shiatsu<\/strong> assis en <em>entreprise<\/em> \u00e0 <strong>Nantes<\/strong>\u00a0: me consulter pour un devis personnalis\u00e9.<br \/>Je peux aussi me d\u00e9placer \u00e0 domicile pour les personnes \u00e0 mobilit\u00e9 r\u00e9duite (r\u00e9sidences de services, maisons de retraite\u2026)<\/p><p>Paiement effectu\u00e9 par ch\u00e8que ou esp\u00e8ces (je ne prends pas la carte bancaire).<\/p><p>Certaines mutuelles prennent en charge des s\u00e9ances en <strong>R\u00e9flexologie<\/strong> et <strong>Shiatsu<\/strong> comme la Mutuelle Dijonnaise http:\/\/www.mutuelle-dijonnaise.fr\/ : n\u2019h\u00e9sitez pas \u00e0 vous renseigner aupr\u00e8s de votre mutuelle.<\/p><p>Sauf cas de force majeure, toute s\u00e9ance annul\u00e9e ou report\u00e9e 48h \u00e0 l\u2019avance vous sera factur\u00e9e.<\/p>\t\t\t\t\t\t<\/div>\n\t\t\t\t<\/div>\n\t\t\t\t\t<\/div>\n\t\t<\/div>\n\t\t\t\t<div class=\"elementor-column elementor-col-50 elementor-inner-column elementor-element elementor-element-8och7ue\" data-id=\"8och7ue\" data-element_type=\"column\">\n\t\t\t<div class=\"elementor-widget-wrap elementor-element-populated\">\n\t\t\t\t\t\t\t\t<div class=\"elementor-element elementor-element-tfz3bp7 elementor-widget elementor-widget-image\" data-id=\"tfz3bp7\" data-element_type=\"widget\" data-widget_type=\"image.default\">\n\t\t\t\t<div class=\"elementor-widget-container\">\n\t\t\t<style>\/*! elementor - v3.18.0 - 20-12-2023 *\/\n.elementor-widget-image{text-align:center}.elementor-widget-image a{display:inline-block}.elementor-widget-image a img[src$=\".svg\"]{width:48px}.elementor-widget-image img{vertical-align:middle;display:inline-block}<\/style>\t\t\t\t\t\t\t\t\t\t\t\t<img decoding=\"async\" src=\"http:\/\/reflexologie-shiatsu-nantes.fr\/wp-content\/uploads\/2017\/07\/2520560829_b95441aaa3_o.jpg\" title=\"\" alt=\"\" loading=\"lazy\" \/>\t\t\t\t\t\t\t\t\t\t\t\t\t\t\t<\/div>\n\t\t\t\t<\/div>\n\t\t\t\t\t<\/div>\n\t\t<\/div>\n\t\t\t\t\t\t\t<\/div>\n\t\t<\/section>\n\t\t\t\t\t<\/div>\n\t\t<\/div>\n\t\t\t\t\t\t\t<\/div>\n\t\t<\/section>\n\t\t\t\t\t\t\t<\/div>\n\t\t","protected":false},"excerpt":{"rendered":"<p>Les diff\u00e9rents soins et tarifs en vigueur au 08\/09\/2021 Soins de R\u00e9flexologie,\u00a0Shiatsu ou\u00a0Shiatsu assis (Amma) : Une heure : 60 \u20ac 30 minutes : 40 \u20ac Soins de Kobido : 1 soin\u00a0 \u00a0:\u00a0 \u00a0 80\u20ac 3 soins\u00a0 \u00a0:\u00a0 \u00a0 230\u20ac 5 soins\u00a0 \u00a0 :\u00a0 \u00a0 380\u20ac 10 soins\u00a0 \u00a0:\u00a0 \u00a0 720\u20ac Shiatsu assis en entreprise [&hellip;]<\/p>\n","protected":false},"author":3,"featured_media":0,"parent":0,"menu_order":0,"comment_status":"closed","ping_status":"closed","template":"","meta":{"content-type":"","inline_featured_image":false,"footnotes":""},"class_list":["post-113","page","type-page","status-publish","hentry"],"_links":{"self":[{"href":"https:\/\/sevin.ovh\/index.php\/wp-json\/wp\/v2\/pages\/113","targetHints":{"allow":["GET"]}}],"collection":[{"href":"https:\/\/sevin.ovh\/index.php\/wp-json\/wp\/v2\/pages"}],"about":[{"href":"https:\/\/sevin.ovh\/index.php\/wp-json\/wp\/v2\/types\/page"}],"author":[{"embeddable":true,"href":"https:\/\/sevin.ovh\/index.php\/wp-json\/wp\/v2\/users\/3"}],"replies":[{"embeddable":true,"href":"https:\/\/sevin.ovh\/index.php\/wp-json\/wp\/v2\/comments?post=113"}],"version-history":[{"count":0,"href":"https:\/\/sevin.ovh\/index.php\/wp-json\/wp\/v2\/pages\/113\/revisions"}],"wp:attachment":[{"href":"https:\/\/sevin.ovh\/index.php\/wp-json\/wp\/v2\/media?parent=113"}],"curies":[{"name":"wp","href":"https:\/\/api.w.org\/{rel}","templated":true}]}}