{"id":480,"date":"2019-09-11T15:29:06","date_gmt":"2019-09-11T13:29:06","guid":{"rendered":"http:\/\/reflexologie-shiatsu-nantes.fr\/?page_id=480"},"modified":"2019-09-11T15:29:06","modified_gmt":"2019-09-11T13:29:06","slug":"le-kobido","status":"publish","type":"page","link":"https:\/\/sevin.ovh\/index.php\/le-kobido\/","title":{"rendered":"Le Kobido"},"content":{"rendered":"\t\t<div data-elementor-type=\"wp-page\" data-elementor-id=\"480\" class=\"elementor elementor-480\">\n\t\t\t\t\t\t\t\t\t<section class=\"elementor-section elementor-top-section elementor-element elementor-element-c2d95fb elementor-section-boxed elementor-section-height-default elementor-section-height-default qodef-elementor-content-no\" data-id=\"c2d95fb\" data-element_type=\"section\">\n\t\t\t\t\t\t<div class=\"elementor-container elementor-column-gap-default\">\n\t\t\t\t\t<div class=\"elementor-column elementor-col-100 elementor-top-column elementor-element elementor-element-19f9c8a\" data-id=\"19f9c8a\" data-element_type=\"column\">\n\t\t\t<div class=\"elementor-widget-wrap elementor-element-populated\">\n\t\t\t\t\t\t\t\t<div class=\"elementor-element elementor-element-bb00b4c elementor-widget elementor-widget-heading\" data-id=\"bb00b4c\" data-element_type=\"widget\" data-widget_type=\"heading.default\">\n\t\t\t\t<div class=\"elementor-widget-container\">\n\t\t\t<style>\/*! elementor - v3.18.0 - 20-12-2023 *\/\n.elementor-heading-title{padding:0;margin:0;line-height:1}.elementor-widget-heading .elementor-heading-title[class*=elementor-size-]>a{color:inherit;font-size:inherit;line-height:inherit}.elementor-widget-heading .elementor-heading-title.elementor-size-small{font-size:15px}.elementor-widget-heading .elementor-heading-title.elementor-size-medium{font-size:19px}.elementor-widget-heading .elementor-heading-title.elementor-size-large{font-size:29px}.elementor-widget-heading .elementor-heading-title.elementor-size-xl{font-size:39px}.elementor-widget-heading .elementor-heading-title.elementor-size-xxl{font-size:59px}<\/style><h2 class=\"elementor-heading-title elementor-size-default\">Le Kobido<\/h2>\t\t<\/div>\n\t\t\t\t<\/div>\n\t\t\t\t\t<\/div>\n\t\t<\/div>\n\t\t\t\t\t\t\t<\/div>\n\t\t<\/section>\n\t\t\t\t<section class=\"elementor-section elementor-top-section elementor-element elementor-element-626090b elementor-section-boxed elementor-section-height-default elementor-section-height-default qodef-elementor-content-no\" data-id=\"626090b\" data-element_type=\"section\">\n\t\t\t\t\t\t<div class=\"elementor-container elementor-column-gap-default\">\n\t\t\t\t\t<div class=\"elementor-column elementor-col-100 elementor-top-column elementor-element elementor-element-3889ca2\" data-id=\"3889ca2\" data-element_type=\"column\">\n\t\t\t<div class=\"elementor-widget-wrap elementor-element-populated\">\n\t\t\t\t\t\t\t\t<div class=\"elementor-element elementor-element-09ac54a elementor-widget elementor-widget-text-editor\" data-id=\"09ac54a\" data-element_type=\"widget\" data-widget_type=\"text-editor.default\">\n\t\t\t\t<div class=\"elementor-widget-container\">\n\t\t\t<style>\/*! elementor - v3.18.0 - 20-12-2023 *\/\n.elementor-widget-text-editor.elementor-drop-cap-view-stacked .elementor-drop-cap{background-color:#69727d;color:#fff}.elementor-widget-text-editor.elementor-drop-cap-view-framed .elementor-drop-cap{color:#69727d;border:3px solid;background-color:transparent}.elementor-widget-text-editor:not(.elementor-drop-cap-view-default) .elementor-drop-cap{margin-top:8px}.elementor-widget-text-editor:not(.elementor-drop-cap-view-default) .elementor-drop-cap-letter{width:1em;height:1em}.elementor-widget-text-editor .elementor-drop-cap{float:left;text-align:center;line-height:1;font-size:50px}.elementor-widget-text-editor .elementor-drop-cap-letter{display:inline-block}<\/style>\t\t\t\t<p>Kobido est le nom d\u2019une maison (compagnie) et d\u2019une lign\u00e9e japonaise proposant un des soins du visage les plus sophistiqu\u00e9s. <br \/>Il est constitu\u00e9 de centaines de techniques regroup\u00e9es en 48 cat\u00e9gories qui ont chacune leurs sp\u00e9cificit\u00e9s en fonction de la partie du visage trait\u00e9e: lissage, percussion, vibration, p\u00e9trissage\u2026<br \/>L&rsquo;encha\u00eenement de stimulations au niveau des muscles, sous les tissus superficiels, des nerfs faciaux, et l\u2019harmonisation de m\u00e9ridiens et de points d\u2019acupuncture (tsubo) s\u2019apparentent \u00e0 une chor\u00e9graphie.<br \/>Le Kobido se r\u00e9alise manuellement et apporte les effets d\u2019un v\u00e9ritable lifting naturel.<\/p><p><br \/>Vivre l\u2019exp\u00e9rience d\u2019un Kobido offre plusieurs b\u00e9n\u00e9fices:<br \/>&#8211; Rafra\u00eechissement imm\u00e9diat du teint<br \/>&#8211; Am\u00e9lioration de l\u2019aspect et de l&rsquo;\u00e9clat de la peau<br \/>&#8211; Pr\u00e9vention des rides et des signes de stress<br \/>&#8211; Harmonisation de l\u2019\u00e9tat d\u2019\u00eatre int\u00e9rieur<br \/>&#8211; Relaxation profonde<\/p>\t\t\t\t\t\t<\/div>\n\t\t\t\t<\/div>\n\t\t\t\t\t<\/div>\n\t\t<\/div>\n\t\t\t\t\t\t\t<\/div>\n\t\t<\/section>\n\t\t\t\t\t\t\t<\/div>\n\t\t","protected":false},"excerpt":{"rendered":"<p>Le Kobido Kobido est le nom d\u2019une maison (compagnie) et d\u2019une lign\u00e9e japonaise proposant un des soins du visage les plus sophistiqu\u00e9s. Il est constitu\u00e9 de centaines de techniques regroup\u00e9es en 48 cat\u00e9gories qui ont chacune leurs sp\u00e9cificit\u00e9s en fonction de la partie du visage trait\u00e9e: lissage, percussion, vibration, p\u00e9trissage\u2026 L&rsquo;encha\u00eenement de stimulations au niveau [&hellip;]<\/p>\n","protected":false},"author":4,"featured_media":0,"parent":0,"menu_order":0,"comment_status":"closed","ping_status":"closed","template":"","meta":{"content-type":"","inline_featured_image":false,"footnotes":""},"class_list":["post-480","page","type-page","status-publish","hentry"],"_links":{"self":[{"href":"https:\/\/sevin.ovh\/index.php\/wp-json\/wp\/v2\/pages\/480","targetHints":{"allow":["GET"]}}],"collection":[{"href":"https:\/\/sevin.ovh\/index.php\/wp-json\/wp\/v2\/pages"}],"about":[{"href":"https:\/\/sevin.ovh\/index.php\/wp-json\/wp\/v2\/types\/page"}],"author":[{"embeddable":true,"href":"https:\/\/sevin.ovh\/index.php\/wp-json\/wp\/v2\/users\/4"}],"replies":[{"embeddable":true,"href":"https:\/\/sevin.ovh\/index.php\/wp-json\/wp\/v2\/comments?post=480"}],"version-history":[{"count":0,"href":"https:\/\/sevin.ovh\/index.php\/wp-json\/wp\/v2\/pages\/480\/revisions"}],"wp:attachment":[{"href":"https:\/\/sevin.ovh\/index.php\/wp-json\/wp\/v2\/media?parent=480"}],"curies":[{"name":"wp","href":"https:\/\/api.w.org\/{rel}","templated":true}]}}